{"id":115,"date":"2023-01-25T13:22:29","date_gmt":"2023-01-25T13:22:29","guid":{"rendered":"https:\/\/deborahpolaski.com\/?page_id=115"},"modified":"2023-02-13T08:59:57","modified_gmt":"2023-02-13T08:59:57","slug":"repertory","status":"publish","type":"page","link":"https:\/\/deborahpolaski.com\/en\/repertory\/","title":{"rendered":"Repertory"},"content":{"rendered":"<div class=\"wpb-content-wrapper\"><div class=\"vc_row wpb_row vc_row-fluid inner-header-wrapper\"><div class=\"wpb_column vc_column_container vc_col-sm-12\"><div class=\"vc_column-inner\"><div class=\"wpb_wrapper\">\n\t<div  class=\"wpb_single_image wpb_content_element vc_align_center wpb_content_element\">\n\t\t\n\t\t<figure class=\"wpb_wrapper vc_figure\">\n\t\t\t<div class=\"vc_single_image-wrapper   vc_box_border_grey\"><img loading=\"lazy\" decoding=\"async\" width=\"1400\" height=\"515\" src=\"https:\/\/deborahpolaski.com\/wp-content\/uploads\/2023\/01\/masterclasses-header.jpg\" class=\"vc_single_image-img attachment-full\" alt=\"\" title=\"masterclasses-header\" srcset=\"https:\/\/deborahpolaski.com\/wp-content\/uploads\/2023\/01\/masterclasses-header.jpg 1400w, https:\/\/deborahpolaski.com\/wp-content\/uploads\/2023\/01\/masterclasses-header-300x110.jpg 300w, https:\/\/deborahpolaski.com\/wp-content\/uploads\/2023\/01\/masterclasses-header-1024x377.jpg 1024w, https:\/\/deborahpolaski.com\/wp-content\/uploads\/2023\/01\/masterclasses-header-768x283.jpg 768w\" sizes=\"auto, (max-width: 1400px) 100vw, 1400px\" style=\"width:100%;height:36.79%;max-width:1400px;\" \/><\/div>\n\t\t<\/figure>\n\t<\/div>\n<\/div><\/div><\/div><\/div><div class=\"vc_row wpb_row vc_row-fluid repertory-wrapper\"><div class=\"container wpb_column vc_column_container vc_col-sm-12\"><div class=\"vc_column-inner\"><div class=\"wpb_wrapper\"><h1 style=\"text-align: center\" class=\"vc_custom_heading vc_do_custom_heading\" >Repertory<\/h1>\n\t<div class=\"wpb_text_column wpb_content_element\" >\n\t\t<div class=\"wpb_wrapper\">\n\t\t\t\n<table id=\"tablepress-1\" class=\"tablepress tablepress-id-1\">\n<tbody class=\"row-striping row-hover\">\n<tr class=\"row-1\">\n\t<td class=\"column-1\">Ludwig van Beethoven<\/td><td class=\"column-2\">Fidelio<\/td><td class=\"column-3\">Leonore<\/td>\n<\/tr>\n<tr class=\"row-2\">\n\t<td class=\"column-1\">Alban Berg<\/td><td class=\"column-2\">Wozzeck<br \/>\nLulu<\/td><td class=\"column-3\">Marie<br \/>\nGr\u00e4fin Geschwitz<\/td>\n<\/tr>\n<tr class=\"row-3\">\n\t<td class=\"column-1\">Hector Berlioz<\/td><td class=\"column-2\">Les Troyens<\/td><td class=\"column-3\">Cassandre<br \/>\nDidon<\/td>\n<\/tr>\n<tr class=\"row-4\">\n\t<td class=\"column-1\">Luigi Dallapiccola<\/td><td class=\"column-2\">Il Prigioniero<\/td><td class=\"column-3\">La madre<\/td>\n<\/tr>\n<tr class=\"row-5\">\n\t<td class=\"column-1\">Paul Dukas<\/td><td class=\"column-2\">Ariane et Barbe-Bleue<\/td><td class=\"column-3\">Ariane<\/td>\n<\/tr>\n<tr class=\"row-6\">\n\t<td class=\"column-1\">Anton\u00edn Dvo\u0159\u00e1k<\/td><td class=\"column-2\">Rusalka<\/td><td class=\"column-3\">Ciz\u00ed kn\u011b\u017ena (Fremde F\u00fcrstin)<\/td>\n<\/tr>\n<tr class=\"row-7\">\n\t<td class=\"column-1\">Gottfried von Einem<\/td><td class=\"column-2\">Jesu Hochzeit<\/td><td class=\"column-3\">T\u00f6din<\/td>\n<\/tr>\n<tr class=\"row-8\">\n\t<td class=\"column-1\">Peggy Glanville-Hicks<\/td><td class=\"column-2\">Sappho<\/td><td class=\"column-3\">Sappho<\/td>\n<\/tr>\n<tr class=\"row-9\">\n\t<td class=\"column-1\">Leo\u0161 Jan\u00e1\u010dek<\/td><td class=\"column-2\">Jen\u016ffa<br \/>\nK\u00e1tja Kabanov\u00e1<\/td><td class=\"column-3\">Kostelni\u010dka<br \/>\nKabanicha<\/td>\n<\/tr>\n<tr class=\"row-10\">\n\t<td class=\"column-1\">Claudio Monteverdi<\/td><td class=\"column-2\">L\u2019incoronatione di Poppea<\/td><td class=\"column-3\">Ottavia<\/td>\n<\/tr>\n<tr class=\"row-11\">\n\t<td class=\"column-1\">Francis Poulenc<\/td><td class=\"column-2\">Dialoges des Carm\u00e9lites<\/td><td class=\"column-3\">Madame de Croissy<\/td>\n<\/tr>\n<tr class=\"row-12\">\n\t<td class=\"column-1\">Giacomo Puccini<\/td><td class=\"column-2\">Suor Angelica<br \/>\nTosca<br \/>\nIl tabarro<\/td><td class=\"column-3\">La zia principessa<br \/>\nTosca<br \/>\nGiorgetta<\/td>\n<\/tr>\n<tr class=\"row-13\">\n\t<td class=\"column-1\">Arnold Sch\u00f6nberg<\/td><td class=\"column-2\">Erwartung<\/td><td class=\"column-3\">Eine Frau<\/td>\n<\/tr>\n<tr class=\"row-14\">\n\t<td class=\"column-1\">Dmitri Schostakowitsch<\/td><td class=\"column-2\">Katerina Ismailowa<\/td><td class=\"column-3\">Katerina Ismailowa<\/td>\n<\/tr>\n<tr class=\"row-15\">\n\t<td class=\"column-1\">Richard Strauss<\/td><td class=\"column-2\">Elektra<br \/>\n<br \/>\nDer Rosenkavalier<br \/>\nAriadne auf Naxos<br \/>\nDie Frau ohne Schatten<br \/>\n<\/td><td class=\"column-3\">Chrysothemis <br \/>\nElektra<br \/>\nFeldmarschallin<br \/>\nAriadne<br \/>\nDie F\u00e4rberin<br \/>\nDie Amme<\/td>\n<\/tr>\n<tr class=\"row-16\">\n\t<td class=\"column-1\">Guiseppe Verdi<\/td><td class=\"column-2\">Il trovatore<br \/>\nUn ballo in maschera<br \/>\nLa forza del destino<br \/>\nDon Carlos<\/td><td class=\"column-3\">Leonora<br \/>\nAmelia<br \/>\nDonna Leonora de Vargas<br \/>\n\u00c9lisabeth de Valois<\/td>\n<\/tr>\n<tr class=\"row-17\">\n\t<td class=\"column-1\">Richard Wagner<\/td><td class=\"column-2\">Der fliegende Holl\u00e4nder<br \/>\nTannh\u00e4user<br \/>\nLohengrin<br \/>\nTristan und Isolde<br \/>\nDie Meistersinger von N\u00fcrnberg<br \/>\nDie Walk\u00fcre<br \/>\n<br \/>\nSiegfried<br \/>\nG\u00f6tterd\u00e4mmerung<br \/>\nParsifal<\/td><td class=\"column-3\">Senta<br \/>\nVenus<br \/>\nOrtrud<br \/>\nIsolde<br \/>\nEva<br \/>\nBr\u00fcnnhilde<br \/>\nSieglinde<br \/>\nBr\u00fcnnhilde<br \/>\nBr\u00fcnnhilde<br \/>\nKundry<\/td>\n<\/tr>\n<tr class=\"row-18\">\n\t<td class=\"column-1\">Ermanno Wolf-Ferrari<\/td><td class=\"column-2\">Sly<\/td><td class=\"column-3\">Dolly<\/td>\n<\/tr>\n<\/tbody>\n<\/table>\n<!-- #tablepress-1 from cache -->\n\n\t\t<\/div>\n\t<\/div>\n<\/div><\/div><\/div><\/div>\n<\/div>","protected":false},"excerpt":{"rendered":"Repertory Ludwig van BeethovenFidelioLeonore Alban BergWozzeck LuluMarie Gr\u00e4fin Geschwitz Hector BerliozLes TroyensCassandre Didon Luigi DallapiccolaIl PrigionieroLa madre Paul DukasAriane et Barbe-BleueAriane Anton\u00edn Dvo\u0159\u00e1kRusalkaCiz\u00ed kn\u011b\u017ena (Fremde F\u00fcrstin) Gottfried von EinemJesu HochzeitT\u00f6din Peggy Glanville-HicksSapphoSappho Leo\u0161 Jan\u00e1\u010dekJen\u016ffa K\u00e1tja Kabanov\u00e1Kostelni\u010dka Kabanicha Claudio MonteverdiL\u2019incoronatione di PoppeaOttavia Francis PoulencDialoges des Carm\u00e9litesMadame de Croissy Giacomo PucciniSuor Angelica Tosca Il tabarroLa zia principessa&hellip; <a class=\"more-link\" href=\"https:\/\/deborahpolaski.com\/en\/repertory\/\">Continue reading <span class=\"screen-reader-text\">Repertory<\/span><\/a>","protected":false},"author":1,"featured_media":0,"parent":0,"menu_order":0,"comment_status":"closed","ping_status":"closed","template":"","meta":{"_acf_changed":false,"_monsterinsights_skip_tracking":false,"_monsterinsights_sitenote_active":false,"_monsterinsights_sitenote_note":"","_monsterinsights_sitenote_category":0,"footnotes":""},"class_list":["post-115","page","type-page","status-publish","hentry","entry"],"acf":[],"yoast_head":"<!-- This site is optimized with the Yoast SEO plugin v27.4 - https:\/\/yoast.com\/product\/yoast-seo-wordpress\/ -->\n<title>Repertory - Deborah Polaski<\/title>\n<meta name=\"robots\" content=\"index, follow, max-snippet:-1, max-image-preview:large, max-video-preview:-1\" \/>\n<link rel=\"canonical\" href=\"https:\/\/deborahpolaski.com\/en\/repertory\/\" \/>\n<meta property=\"og:locale\" content=\"en_US\" \/>\n<meta property=\"og:type\" content=\"article\" \/>\n<meta property=\"og:title\" content=\"Repertory - Deborah Polaski\" \/>\n<meta property=\"og:url\" content=\"https:\/\/deborahpolaski.com\/en\/repertory\/\" \/>\n<meta property=\"og:site_name\" content=\"Deborah Polaski\" \/>\n<meta property=\"article:modified_time\" content=\"2023-02-13T08:59:57+00:00\" \/>\n<meta name=\"twitter:card\" content=\"summary_large_image\" \/>\n<meta name=\"twitter:label1\" content=\"Est. reading time\" \/>\n\t<meta name=\"twitter:data1\" content=\"1 minute\" \/>\n<script type=\"application\/ld+json\" class=\"yoast-schema-graph\">{\"@context\":\"https:\\\/\\\/schema.org\",\"@graph\":[{\"@type\":\"WebPage\",\"@id\":\"https:\\\/\\\/deborahpolaski.com\\\/repertory\\\/\",\"url\":\"https:\\\/\\\/deborahpolaski.com\\\/repertory\\\/\",\"name\":\"Repertory - Deborah Polaski\",\"isPartOf\":{\"@id\":\"https:\\\/\\\/deborahpolaski.com\\\/#website\"},\"datePublished\":\"2023-01-25T13:22:29+00:00\",\"dateModified\":\"2023-02-13T08:59:57+00:00\",\"breadcrumb\":{\"@id\":\"https:\\\/\\\/deborahpolaski.com\\\/repertory\\\/#breadcrumb\"},\"inLanguage\":\"en-US\",\"potentialAction\":[{\"@type\":\"ReadAction\",\"target\":[\"https:\\\/\\\/deborahpolaski.com\\\/repertory\\\/\"]}]},{\"@type\":\"BreadcrumbList\",\"@id\":\"https:\\\/\\\/deborahpolaski.com\\\/repertory\\\/#breadcrumb\",\"itemListElement\":[{\"@type\":\"ListItem\",\"position\":1,\"name\":\"Home\",\"item\":\"https:\\\/\\\/deborahpolaski.com\\\/\"},{\"@type\":\"ListItem\",\"position\":2,\"name\":\"Repertory\"}]},{\"@type\":\"WebSite\",\"@id\":\"https:\\\/\\\/deborahpolaski.com\\\/#website\",\"url\":\"https:\\\/\\\/deborahpolaski.com\\\/\",\"name\":\"Deborah Polaski\",\"description\":\"The personal website of Deborah Polaski\",\"potentialAction\":[{\"@type\":\"SearchAction\",\"target\":{\"@type\":\"EntryPoint\",\"urlTemplate\":\"https:\\\/\\\/deborahpolaski.com\\\/?s={search_term_string}\"},\"query-input\":{\"@type\":\"PropertyValueSpecification\",\"valueRequired\":true,\"valueName\":\"search_term_string\"}}],\"inLanguage\":\"en-US\"}]}<\/script>\n<!-- \/ Yoast SEO plugin. -->","yoast_head_json":{"title":"Repertory - Deborah Polaski","robots":{"index":"index","follow":"follow","max-snippet":"max-snippet:-1","max-image-preview":"max-image-preview:large","max-video-preview":"max-video-preview:-1"},"canonical":"https:\/\/deborahpolaski.com\/en\/repertory\/","og_locale":"en_US","og_type":"article","og_title":"Repertory - Deborah Polaski","og_url":"https:\/\/deborahpolaski.com\/en\/repertory\/","og_site_name":"Deborah Polaski","article_modified_time":"2023-02-13T08:59:57+00:00","twitter_card":"summary_large_image","twitter_misc":{"Est. reading time":"1 minute"},"schema":{"@context":"https:\/\/schema.org","@graph":[{"@type":"WebPage","@id":"https:\/\/deborahpolaski.com\/repertory\/","url":"https:\/\/deborahpolaski.com\/repertory\/","name":"Repertory - Deborah Polaski","isPartOf":{"@id":"https:\/\/deborahpolaski.com\/#website"},"datePublished":"2023-01-25T13:22:29+00:00","dateModified":"2023-02-13T08:59:57+00:00","breadcrumb":{"@id":"https:\/\/deborahpolaski.com\/repertory\/#breadcrumb"},"inLanguage":"en-US","potentialAction":[{"@type":"ReadAction","target":["https:\/\/deborahpolaski.com\/repertory\/"]}]},{"@type":"BreadcrumbList","@id":"https:\/\/deborahpolaski.com\/repertory\/#breadcrumb","itemListElement":[{"@type":"ListItem","position":1,"name":"Home","item":"https:\/\/deborahpolaski.com\/"},{"@type":"ListItem","position":2,"name":"Repertory"}]},{"@type":"WebSite","@id":"https:\/\/deborahpolaski.com\/#website","url":"https:\/\/deborahpolaski.com\/","name":"Deborah Polaski","description":"The personal website of Deborah Polaski","potentialAction":[{"@type":"SearchAction","target":{"@type":"EntryPoint","urlTemplate":"https:\/\/deborahpolaski.com\/?s={search_term_string}"},"query-input":{"@type":"PropertyValueSpecification","valueRequired":true,"valueName":"search_term_string"}}],"inLanguage":"en-US"}]}},"_links":{"self":[{"href":"https:\/\/deborahpolaski.com\/en\/wp-json\/wp\/v2\/pages\/115","targetHints":{"allow":["GET"]}}],"collection":[{"href":"https:\/\/deborahpolaski.com\/en\/wp-json\/wp\/v2\/pages"}],"about":[{"href":"https:\/\/deborahpolaski.com\/en\/wp-json\/wp\/v2\/types\/page"}],"author":[{"embeddable":true,"href":"https:\/\/deborahpolaski.com\/en\/wp-json\/wp\/v2\/users\/1"}],"replies":[{"embeddable":true,"href":"https:\/\/deborahpolaski.com\/en\/wp-json\/wp\/v2\/comments?post=115"}],"version-history":[{"count":4,"href":"https:\/\/deborahpolaski.com\/en\/wp-json\/wp\/v2\/pages\/115\/revisions"}],"predecessor-version":[{"id":121,"href":"https:\/\/deborahpolaski.com\/en\/wp-json\/wp\/v2\/pages\/115\/revisions\/121"}],"wp:attachment":[{"href":"https:\/\/deborahpolaski.com\/en\/wp-json\/wp\/v2\/media?parent=115"}],"curies":[{"name":"wp","href":"https:\/\/api.w.org\/{rel}","templated":true}]}}