{"id":51,"date":"2023-01-25T08:55:14","date_gmt":"2023-01-25T08:55:14","guid":{"rendered":"https:\/\/deborahpolaski.com\/?page_id=51"},"modified":"2023-06-13T09:08:40","modified_gmt":"2023-06-13T09:08:40","slug":"biography","status":"publish","type":"page","link":"https:\/\/deborahpolaski.com\/en\/biography\/","title":{"rendered":"Biography"},"content":{"rendered":"<div class=\"wpb-content-wrapper\"><div class=\"vc_row wpb_row vc_row-fluid inner-header-wrapper\"><div class=\"wpb_column vc_column_container vc_col-sm-12\"><div class=\"vc_column-inner\"><div class=\"wpb_wrapper\">\n\t<div  class=\"wpb_single_image wpb_content_element vc_align_center wpb_content_element\">\n\t\t\n\t\t<figure class=\"wpb_wrapper vc_figure\">\n\t\t\t<div class=\"vc_single_image-wrapper   vc_box_border_grey\"><img loading=\"lazy\" decoding=\"async\" width=\"1400\" height=\"515\" src=\"https:\/\/deborahpolaski.com\/wp-content\/uploads\/2023\/01\/biography-header.jpg\" class=\"vc_single_image-img attachment-full\" alt=\"\" title=\"biography-header\" srcset=\"https:\/\/deborahpolaski.com\/wp-content\/uploads\/2023\/01\/biography-header.jpg 1400w, https:\/\/deborahpolaski.com\/wp-content\/uploads\/2023\/01\/biography-header-300x110.jpg 300w, https:\/\/deborahpolaski.com\/wp-content\/uploads\/2023\/01\/biography-header-1024x377.jpg 1024w, https:\/\/deborahpolaski.com\/wp-content\/uploads\/2023\/01\/biography-header-768x283.jpg 768w\" sizes=\"auto, (max-width: 1400px) 100vw, 1400px\" style=\"width:100%;height:36.79%;max-width:1400px;\" \/><\/div>\n\t\t<\/figure>\n\t<\/div>\n<\/div><\/div><\/div><\/div><div class=\"vc_row wpb_row vc_row-fluid title-and-desc-center-wrapper vc_custom_1674637971315 vc_row-has-fill\"><div class=\"container wpb_column vc_column_container vc_col-sm-12\"><div class=\"vc_column-inner\"><div class=\"wpb_wrapper\"><h1 style=\"text-align: center\" class=\"vc_custom_heading vc_do_custom_heading\" >Deborah Polaski<\/h1>\n\t<div class=\"wpb_text_column wpb_content_element\" >\n\t\t<div class=\"wpb_wrapper\">\n\t\t\t<p style=\"text-align: center;\">As Br\u00fcnnhilde in Harry Kupfer&#8217;s 1988 staging of Richard Wagner&#8217;s Ring des Nibelungen in Bayreuth, Deborah Polaski emerged as one of the world&#8217;s most promising dramatic sopranos. In two consecutive Ring cycles on the &#8220;Gr\u00fcner H\u00fcgel&#8221; (with Daniel Barenboim 1988, with James Levine 1994), she sang this role more than any other soprano since the Second World War. Although she had already sung in opera houses such as La Scala, Munich and Berlin, it was after her debut in Bayreuth, that she received offers to sing in all of the world&#8217;s major opera houses: Paris, London, New York, Sydney, Barcelona, Dresden, Vienna and Salzburg, to name just a few.<\/p>\n\n\t\t<\/div>\n\t<\/div>\n<\/div><\/div><\/div><\/div><div class=\"vc_row wpb_row vc_row-fluid right-side-img-wrapper vc_custom_1675889445878 vc_row-has-fill\"><div class=\"container wpb_column vc_column_container vc_col-sm-12\"><div class=\"vc_column-inner\"><div class=\"wpb_wrapper\"><div class=\"vc_row wpb_row vc_inner vc_row-fluid d-flex\"><div class=\"left wpb_column vc_column_container vc_col-sm-6\"><div class=\"vc_column-inner\"><div class=\"wpb_wrapper\">\n\t<div  class=\"wpb_single_image wpb_content_element vc_align_center wpb_content_element\">\n\t\t\n\t\t<figure class=\"wpb_wrapper vc_figure\">\n\t\t\t<div class=\"vc_single_image-wrapper   vc_box_border_grey\"><img loading=\"lazy\" decoding=\"async\" width=\"500\" height=\"585\" src=\"https:\/\/deborahpolaski.com\/wp-content\/uploads\/2023\/01\/biography-img1.jpg\" class=\"vc_single_image-img attachment-full\" alt=\"\" title=\"biography-img1\" srcset=\"https:\/\/deborahpolaski.com\/wp-content\/uploads\/2023\/01\/biography-img1.jpg 500w, https:\/\/deborahpolaski.com\/wp-content\/uploads\/2023\/01\/biography-img1-256x300.jpg 256w\" sizes=\"auto, (max-width: 500px) 100vw, 500px\" style=\"width:100%;height:117%;max-width:500px;\" \/><\/div>\n\t\t<\/figure>\n\t<\/div>\n<\/div><\/div><\/div><div class=\"right wpb_column vc_column_container vc_col-sm-6\"><div class=\"vc_column-inner\"><div class=\"wpb_wrapper\">\n\t<div class=\"wpb_text_column wpb_content_element EditorText FParagraph1\" >\n\t\t<div class=\"wpb_wrapper\">\n\t\t\t<p>In addition to Br\u00fcnnhilde Polaski&#8217;s other Wagner repertoire consisted of demanding roles such as Tannh\u00e4user&#8217;s Venus, The Flying Dutchman&#8217;s Senta, Lohengrin&#8217;s Ortrud, Walkyrie&#8217;s Sieglinde, Parsifal&#8217;s Kundry and Tristan&#8217;s Isolde. These are some of the longest and dramatically most complex roles ever composed. Through continual reflection Deborah Polaski gave to each of these roles her own special mixture of lyric beauty, strength and depth of character, vulnerability, power, sensitivity and effervescence.<\/p>\n<p>Irrefutably she is also renowned as one of the greatest Isoldes. In 1984 she debuted as the Irish maid in Freiburg, later sang this role in Amsterdam and Stuttgart. Ultimately however, the production in Dresden in 1995 provided the opportunity to consummate the role. Since then she has sung Isolde in Salzburg and Tokyo with Claudio Abbado, in Florence with Zubin Mehta, in Berlin with Daniel Barenboim, in Barcelona with Bertrand de Billy, in Hamburg with Simone Young and in Vienna with Franz Welser-M\u00f6st. Recorded excerpts in this role can be heard on Oehms recording label. Many of her Wagner performances are also released on DVD.<\/p>\n\n\t\t<\/div>\n\t<\/div>\n<\/div><\/div><\/div><\/div><\/div><\/div><\/div><\/div><div class=\"vc_row wpb_row vc_row-fluid left-side-img-wrapper vc_custom_1674639469696 vc_row-has-fill\"><div class=\"container wpb_column vc_column_container vc_col-sm-12\"><div class=\"vc_column-inner\"><div class=\"wpb_wrapper\"><div class=\"vc_row wpb_row vc_inner vc_row-fluid d-flex\"><div class=\"left wpb_column vc_column_container vc_col-sm-6\"><div class=\"vc_column-inner\"><div class=\"wpb_wrapper\">\n\t<div  class=\"wpb_single_image wpb_content_element vc_align_center wpb_content_element\">\n\t\t\n\t\t<figure class=\"wpb_wrapper vc_figure\">\n\t\t\t<div class=\"vc_single_image-wrapper   vc_box_border_grey\"><img loading=\"lazy\" decoding=\"async\" width=\"500\" height=\"585\" src=\"https:\/\/deborahpolaski.com\/wp-content\/uploads\/2023\/01\/biography-img2.jpg\" class=\"vc_single_image-img attachment-full\" alt=\"\" title=\"biography-img2\" srcset=\"https:\/\/deborahpolaski.com\/wp-content\/uploads\/2023\/01\/biography-img2.jpg 500w, https:\/\/deborahpolaski.com\/wp-content\/uploads\/2023\/01\/biography-img2-256x300.jpg 256w\" sizes=\"auto, (max-width: 500px) 100vw, 500px\" style=\"width:100%;height:117%;max-width:500px;\" \/><\/div>\n\t\t<\/figure>\n\t<\/div>\n<\/div><\/div><\/div><div class=\"right wpb_column vc_column_container vc_col-sm-6\"><div class=\"vc_column-inner\"><div class=\"wpb_wrapper\">\n\t<div class=\"wpb_text_column wpb_content_element EditorText FParagraph1\" >\n\t\t<div class=\"wpb_wrapper\">\n\t\t\t<p>Her career was also dominated by some of Richard Strauss&#8217; great heroines\u2014the Marschallin, the Dyer&#8217;s Wife and Ariadne. Her exceptional and publicly acclaimed Elektra is, however, her most predominant Strauss role. Since her role debut in 1984, Polaski has set new standards singing Elektra almost 200 times worldwide with some of the most important conductors and directors in Berlin, Paris, Sydney, Munich, Chicago, Dresden, Milan, Florence, Leipzig, Cologne, Dresden, Salzburg, London, Zurich, New York, and Vienna. She has recorded it twice, once with Daniel Barenboim and an uncut version with Semyon Bychkov. At the opening premiere of the 2013-14 season of the Bavarian state opera, Polaski sang her first Amme in Die Frau ohne Schatten, conducted by Kirill Petrenko.<\/p>\n<p>During her career other significant roles included Marie in Wozzeck, Kostelni\u010dka in Jen\u016ffa, Kabanicha in K\u00e1tja Kabanov\u00e1, Zia Principessa in Suor Angelica, Cassandre and Didon in Les Troyens, Madame de Croissy in Les Dialogues de Carm\u00e9lites, Leonore in Fidelio. She delved and investigated into each of these roles in order to give psychological depth and meaning. She augmented her extensive repertoire with lesser-known works such as Paul Dukas&#8217; Ariane et Barbe-Bleu, Luigi Dallapiccolas&#8217; Il Prigioniero and Arnold Schoenbergs&#8217; Erwartung.<\/p>\n\n\t\t<\/div>\n\t<\/div>\n<\/div><\/div><\/div><\/div><\/div><\/div><\/div><\/div><div class=\"vc_row wpb_row vc_row-fluid right-side-img-wrapper vc_custom_1675889437666 vc_row-has-fill\"><div class=\"container wpb_column vc_column_container vc_col-sm-12\"><div class=\"vc_column-inner\"><div class=\"wpb_wrapper\"><div class=\"vc_row wpb_row vc_inner vc_row-fluid d-flex\"><div class=\"left wpb_column vc_column_container vc_col-sm-6\"><div class=\"vc_column-inner\"><div class=\"wpb_wrapper\">\n\t<div  class=\"wpb_single_image wpb_content_element vc_align_center wpb_content_element\">\n\t\t\n\t\t<figure class=\"wpb_wrapper vc_figure\">\n\t\t\t<div class=\"vc_single_image-wrapper   vc_box_border_grey\"><img loading=\"lazy\" decoding=\"async\" width=\"500\" height=\"585\" src=\"https:\/\/deborahpolaski.com\/wp-content\/uploads\/2023\/01\/biography-img3.jpg\" class=\"vc_single_image-img attachment-full\" alt=\"\" title=\"biography-img3\" srcset=\"https:\/\/deborahpolaski.com\/wp-content\/uploads\/2023\/01\/biography-img3.jpg 500w, https:\/\/deborahpolaski.com\/wp-content\/uploads\/2023\/01\/biography-img3-256x300.jpg 256w\" sizes=\"auto, (max-width: 500px) 100vw, 500px\" style=\"width:100%;height:117%;max-width:500px;\" \/><\/div>\n\t\t<\/figure>\n\t<\/div>\n<\/div><\/div><\/div><div class=\"right wpb_column vc_column_container vc_col-sm-6\"><div class=\"vc_column-inner\"><div class=\"wpb_wrapper\">\n\t<div class=\"wpb_text_column wpb_content_element EditorText FParagraph1\" >\n\t\t<div class=\"wpb_wrapper\">\n\t\t\t<p>Concert halls worldwide were another venue in her life as a singer. Representative of the long list are: the New York Philharmonic and Lorin Maazel in Avery Fischer Hall, Pierre Boulez and the Metropolitan Opera Orchestra in Carnegie Hall, Daniel Barenboim and the Chicago Symphony in Carnegie Hall. European concert halls included: the Musikverein in Vienna under the batons of Georges Pr\u00eatres and Fabio Luisi, the Vienna Konzerthaus with Bertrand de Billy. Further collaborations included performances under Claudio Abbado as well as Simon Rattle with the Berlin Philharmonic, James Levine and the Bayreuth Festival Orchestra, and with Christoph von Dohn\u00e1nyi in the Royal Albert Hall.<\/p>\n<p>Her affiliation with Daniel Barenboim has included concerts with the Staatskapelle in the Berlin Philharmonie and in the Berlin Konzerthaus, and performances with the home orchestras in the Chicago Symphony Hall and in La Salle Pleyel in Paris. With Charles Spencer she performed in recital halls worldwide. This collaboration culminated in a CD recording of Brahms Songs.<\/p>\n\n\t\t<\/div>\n\t<\/div>\n<\/div><\/div><\/div><\/div><\/div><\/div><\/div><\/div><div class=\"vc_row wpb_row vc_row-fluid left-side-img-wrapper vc_custom_1674639469696 vc_row-has-fill\"><div class=\"container wpb_column vc_column_container vc_col-sm-12\"><div class=\"vc_column-inner\"><div class=\"wpb_wrapper\"><div class=\"vc_row wpb_row vc_inner vc_row-fluid d-flex\"><div class=\"left wpb_column vc_column_container vc_col-sm-6\"><div class=\"vc_column-inner\"><div class=\"wpb_wrapper\">\n\t<div  class=\"wpb_single_image wpb_content_element vc_align_center wpb_content_element\">\n\t\t\n\t\t<figure class=\"wpb_wrapper vc_figure\">\n\t\t\t<div class=\"vc_single_image-wrapper   vc_box_border_grey\"><img loading=\"lazy\" decoding=\"async\" width=\"500\" height=\"585\" src=\"https:\/\/deborahpolaski.com\/wp-content\/uploads\/2023\/01\/biography-img4.jpg\" class=\"vc_single_image-img attachment-full\" alt=\"\" title=\"biography-img4\" srcset=\"https:\/\/deborahpolaski.com\/wp-content\/uploads\/2023\/01\/biography-img4.jpg 500w, https:\/\/deborahpolaski.com\/wp-content\/uploads\/2023\/01\/biography-img4-256x300.jpg 256w\" sizes=\"auto, (max-width: 500px) 100vw, 500px\" style=\"width:100%;height:117%;max-width:500px;\" \/><\/div>\n\t\t<\/figure>\n\t<\/div>\n<\/div><\/div><\/div><div class=\"right wpb_column vc_column_container vc_col-sm-6\"><div class=\"vc_column-inner\"><div class=\"wpb_wrapper\">\n\t<div class=\"wpb_text_column wpb_content_element EditorText FParagraph1\" >\n\t\t<div class=\"wpb_wrapper\">\n\t\t\t<p>During the last decade of her professional singing career, Deborah Polaski accepted invitations to give masterclasses at numerous music festivals, renowned music schools, conservatories and opera institutions. At the conclusion of her active stage career in 2015, she intensified her commitment to teaching, both in masterclasses and in her private studio. Her continuing goal is to pass on her knowledge and experience to assist and guide singers in their individual careers. A representative list of institutions include: International Opera Studio, Staatsoper Unter den Linden Berlin; Opera Studio, Komische Oper Berlin; The Young Ensemble, Semperoper Dresden; Franz Liszt Conservatory, Weimar; International Opera Studio, Deutsche Oper am Rhein D\u00fcsseldorf; International Opera Studio, Cologne Opera; Richard-Strauss-Festival, Garmisch-Partenkirchen; George London Foundation and the Manhattan School of Music, New York; College-Conservatory of Music University of Cincinnati, Ohio; Bel Canto Young Artists, Caramoor Center for Music and the Arts, Katonah.<\/p>\n<p>Deborah Polaski is also a much sought after\u00a0jury member for vocal competitions. Some of the competitions include\u00a0the Bundeswettbewerb Gesang Berlin, Mirjam Helin International Singing Competition Helsinki, Elizabeth Connell Prize and the\u00a0Bel Canto Award of the Joan Sutherland &amp; Richard Bonynge Foundation.<\/p>\n<p>In 2003, in recognition of her accomplishment as an artist of distinguished quality and subsequent contribution to Viennese cultural life, the Austrian government rendered her the prestigious title of Austrian Kammers\u00e4ngerin. In 2010 she received an Honorary Doctor in Performing Arts from the University of Cincinnati. In 2015 she was named &#8220;Member of Honor&#8221; of the Berlin State Opera.<\/p>\n\n\t\t<\/div>\n\t<\/div>\n<\/div><\/div><\/div><\/div><\/div><\/div><\/div><\/div>\n<\/div>","protected":false},"excerpt":{"rendered":"Deborah Polaski As Br\u00fcnnhilde in Harry Kupfer's 1988 staging of Richard Wagner's Ring des Nibelungen in Bayreuth, Deborah Polaski emerged as one of the world's most promising dramatic sopranos. In two consecutive Ring cycles on the \"Gr\u00fcner H\u00fcgel\" (with Daniel Barenboim 1988, with James Levine 1994), she sang this role more than any other soprano&hellip; <a class=\"more-link\" href=\"https:\/\/deborahpolaski.com\/en\/biography\/\">Continue reading <span class=\"screen-reader-text\">Biography<\/span><\/a>","protected":false},"author":1,"featured_media":0,"parent":0,"menu_order":0,"comment_status":"closed","ping_status":"closed","template":"","meta":{"_acf_changed":false,"_monsterinsights_skip_tracking":false,"_monsterinsights_sitenote_active":false,"_monsterinsights_sitenote_note":"","_monsterinsights_sitenote_category":0,"footnotes":""},"class_list":["post-51","page","type-page","status-publish","hentry","entry"],"acf":[],"yoast_head":"<!-- This site is optimized with the Yoast SEO plugin v27.4 - https:\/\/yoast.com\/product\/yoast-seo-wordpress\/ -->\n<title>Biography - Deborah Polaski<\/title>\n<meta name=\"robots\" content=\"index, follow, max-snippet:-1, max-image-preview:large, max-video-preview:-1\" \/>\n<link rel=\"canonical\" href=\"https:\/\/deborahpolaski.com\/en\/biography\/\" \/>\n<meta property=\"og:locale\" content=\"en_US\" \/>\n<meta property=\"og:type\" content=\"article\" \/>\n<meta property=\"og:title\" content=\"Biography - Deborah Polaski\" \/>\n<meta property=\"og:url\" content=\"https:\/\/deborahpolaski.com\/en\/biography\/\" \/>\n<meta property=\"og:site_name\" content=\"Deborah Polaski\" \/>\n<meta property=\"article:modified_time\" content=\"2023-06-13T09:08:40+00:00\" \/>\n<meta name=\"twitter:card\" content=\"summary_large_image\" \/>\n<meta name=\"twitter:label1\" content=\"Est. reading time\" \/>\n\t<meta name=\"twitter:data1\" content=\"5 minutes\" \/>\n<script type=\"application\/ld+json\" class=\"yoast-schema-graph\">{\"@context\":\"https:\\\/\\\/schema.org\",\"@graph\":[{\"@type\":\"WebPage\",\"@id\":\"https:\\\/\\\/deborahpolaski.com\\\/biography\\\/\",\"url\":\"https:\\\/\\\/deborahpolaski.com\\\/biography\\\/\",\"name\":\"Biography - Deborah Polaski\",\"isPartOf\":{\"@id\":\"https:\\\/\\\/deborahpolaski.com\\\/#website\"},\"datePublished\":\"2023-01-25T08:55:14+00:00\",\"dateModified\":\"2023-06-13T09:08:40+00:00\",\"breadcrumb\":{\"@id\":\"https:\\\/\\\/deborahpolaski.com\\\/biography\\\/#breadcrumb\"},\"inLanguage\":\"en-US\",\"potentialAction\":[{\"@type\":\"ReadAction\",\"target\":[\"https:\\\/\\\/deborahpolaski.com\\\/biography\\\/\"]}]},{\"@type\":\"BreadcrumbList\",\"@id\":\"https:\\\/\\\/deborahpolaski.com\\\/biography\\\/#breadcrumb\",\"itemListElement\":[{\"@type\":\"ListItem\",\"position\":1,\"name\":\"Home\",\"item\":\"https:\\\/\\\/deborahpolaski.com\\\/\"},{\"@type\":\"ListItem\",\"position\":2,\"name\":\"Biography\"}]},{\"@type\":\"WebSite\",\"@id\":\"https:\\\/\\\/deborahpolaski.com\\\/#website\",\"url\":\"https:\\\/\\\/deborahpolaski.com\\\/\",\"name\":\"Deborah Polaski\",\"description\":\"The personal website of Deborah Polaski\",\"potentialAction\":[{\"@type\":\"SearchAction\",\"target\":{\"@type\":\"EntryPoint\",\"urlTemplate\":\"https:\\\/\\\/deborahpolaski.com\\\/?s={search_term_string}\"},\"query-input\":{\"@type\":\"PropertyValueSpecification\",\"valueRequired\":true,\"valueName\":\"search_term_string\"}}],\"inLanguage\":\"en-US\"}]}<\/script>\n<!-- \/ Yoast SEO plugin. -->","yoast_head_json":{"title":"Biography - Deborah Polaski","robots":{"index":"index","follow":"follow","max-snippet":"max-snippet:-1","max-image-preview":"max-image-preview:large","max-video-preview":"max-video-preview:-1"},"canonical":"https:\/\/deborahpolaski.com\/en\/biography\/","og_locale":"en_US","og_type":"article","og_title":"Biography - Deborah Polaski","og_url":"https:\/\/deborahpolaski.com\/en\/biography\/","og_site_name":"Deborah Polaski","article_modified_time":"2023-06-13T09:08:40+00:00","twitter_card":"summary_large_image","twitter_misc":{"Est. reading time":"5 minutes"},"schema":{"@context":"https:\/\/schema.org","@graph":[{"@type":"WebPage","@id":"https:\/\/deborahpolaski.com\/biography\/","url":"https:\/\/deborahpolaski.com\/biography\/","name":"Biography - Deborah Polaski","isPartOf":{"@id":"https:\/\/deborahpolaski.com\/#website"},"datePublished":"2023-01-25T08:55:14+00:00","dateModified":"2023-06-13T09:08:40+00:00","breadcrumb":{"@id":"https:\/\/deborahpolaski.com\/biography\/#breadcrumb"},"inLanguage":"en-US","potentialAction":[{"@type":"ReadAction","target":["https:\/\/deborahpolaski.com\/biography\/"]}]},{"@type":"BreadcrumbList","@id":"https:\/\/deborahpolaski.com\/biography\/#breadcrumb","itemListElement":[{"@type":"ListItem","position":1,"name":"Home","item":"https:\/\/deborahpolaski.com\/"},{"@type":"ListItem","position":2,"name":"Biography"}]},{"@type":"WebSite","@id":"https:\/\/deborahpolaski.com\/#website","url":"https:\/\/deborahpolaski.com\/","name":"Deborah Polaski","description":"The personal website of Deborah Polaski","potentialAction":[{"@type":"SearchAction","target":{"@type":"EntryPoint","urlTemplate":"https:\/\/deborahpolaski.com\/?s={search_term_string}"},"query-input":{"@type":"PropertyValueSpecification","valueRequired":true,"valueName":"search_term_string"}}],"inLanguage":"en-US"}]}},"_links":{"self":[{"href":"https:\/\/deborahpolaski.com\/en\/wp-json\/wp\/v2\/pages\/51","targetHints":{"allow":["GET"]}}],"collection":[{"href":"https:\/\/deborahpolaski.com\/en\/wp-json\/wp\/v2\/pages"}],"about":[{"href":"https:\/\/deborahpolaski.com\/en\/wp-json\/wp\/v2\/types\/page"}],"author":[{"embeddable":true,"href":"https:\/\/deborahpolaski.com\/en\/wp-json\/wp\/v2\/users\/1"}],"replies":[{"embeddable":true,"href":"https:\/\/deborahpolaski.com\/en\/wp-json\/wp\/v2\/comments?post=51"}],"version-history":[{"count":24,"href":"https:\/\/deborahpolaski.com\/en\/wp-json\/wp\/v2\/pages\/51\/revisions"}],"predecessor-version":[{"id":570,"href":"https:\/\/deborahpolaski.com\/en\/wp-json\/wp\/v2\/pages\/51\/revisions\/570"}],"wp:attachment":[{"href":"https:\/\/deborahpolaski.com\/en\/wp-json\/wp\/v2\/media?parent=51"}],"curies":[{"name":"wp","href":"https:\/\/api.w.org\/{rel}","templated":true}]}}